{"id":43,"date":"2022-04-16T14:03:47","date_gmt":"2022-04-16T14:03:47","guid":{"rendered":"https:\/\/fouleye-camara.com\/?page_id=43"},"modified":"2024-04-30T13:12:49","modified_gmt":"2024-04-30T13:12:49","slug":"accueil","status":"publish","type":"page","link":"https:\/\/fouleye-camara.com\/","title":{"rendered":""},"content":{"rendered":"\t\t<div data-elementor-type=\"wp-page\" data-elementor-id=\"43\" class=\"elementor elementor-43\">\n\t\t\t\t\t\t\t\t\t<section class=\"elementor-section elementor-top-section elementor-element elementor-element-a0f3fbc elementor-section-boxed elementor-section-height-default elementor-section-height-default\" data-id=\"a0f3fbc\" data-element_type=\"section\">\n\t\t\t\t\t\t<div class=\"elementor-container elementor-column-gap-default\">\n\t\t\t\t\t<div class=\"elementor-column elementor-col-50 elementor-top-column elementor-element elementor-element-885ff4a\" data-id=\"885ff4a\" data-element_type=\"column\">\n\t\t\t<div class=\"elementor-widget-wrap elementor-element-populated\">\n\t\t\t\t\t\t\t\t<div class=\"elementor-element elementor-element-b40ceaa elementor-widget elementor-widget-heading\" data-id=\"b40ceaa\" data-element_type=\"widget\" data-widget_type=\"heading.default\">\n\t\t\t\t<div class=\"elementor-widget-container\">\n\t\t\t<style>\/*! elementor - v3.6.4 - 13-04-2022 *\/\n.elementor-heading-title{padding:0;margin:0;line-height:1}.elementor-widget-heading .elementor-heading-title[class*=elementor-size-]>a{color:inherit;font-size:inherit;line-height:inherit}.elementor-widget-heading .elementor-heading-title.elementor-size-small{font-size:15px}.elementor-widget-heading .elementor-heading-title.elementor-size-medium{font-size:19px}.elementor-widget-heading .elementor-heading-title.elementor-size-large{font-size:29px}.elementor-widget-heading .elementor-heading-title.elementor-size-xl{font-size:39px}.elementor-widget-heading .elementor-heading-title.elementor-size-xxl{font-size:59px}<\/style><h2 class=\"elementor-heading-title elementor-size-default\">A<b> propos de moi<\/b><\/h2>\t\t<\/div>\n\t\t\t\t<\/div>\n\t\t\t\t<div class=\"elementor-element elementor-element-43631df elementor-widget elementor-widget-text-editor\" data-id=\"43631df\" data-element_type=\"widget\" data-widget_type=\"text-editor.default\">\n\t\t\t\t<div class=\"elementor-widget-container\">\n\t\t\t<style>\/*! elementor - v3.6.4 - 13-04-2022 *\/\n.elementor-widget-text-editor.elementor-drop-cap-view-stacked .elementor-drop-cap{background-color:#818a91;color:#fff}.elementor-widget-text-editor.elementor-drop-cap-view-framed .elementor-drop-cap{color:#818a91;border:3px solid;background-color:transparent}.elementor-widget-text-editor:not(.elementor-drop-cap-view-default) .elementor-drop-cap{margin-top:8px}.elementor-widget-text-editor:not(.elementor-drop-cap-view-default) .elementor-drop-cap-letter{width:1em;height:1em}.elementor-widget-text-editor .elementor-drop-cap{float:left;text-align:center;line-height:1;font-size:50px}.elementor-widget-text-editor .elementor-drop-cap-letter{display:inline-block}<\/style>\t\t\t\t<p style=\"border: 0px solid #e3e3e3; --tw-border-spacing-x: 0; --tw-border-spacing-y: 0; --tw-translate-x: 0; --tw-translate-y: 0; --tw-rotate: 0; --tw-skew-x: 0; --tw-skew-y: 0; --tw-scale-x: 1; --tw-scale-y: 1; --tw-scroll-snap-strictness: proximity; --tw-ring-offset-width: 0px; --tw-ring-offset-color: #fff; --tw-ring-color: rgba(69,89,164,.5); --tw-ring-offset-shadow: 0 0 transparent; --tw-ring-shadow: 0 0 transparent; --tw-shadow: 0 0 transparent; --tw-shadow-colored: 0 0 transparent; margin: 1.25em 0px; color: #0d0d0d; font-family: S\u00f6hne, ui-sans-serif, system-ui, -apple-system, 'Segoe UI', Roboto, Ubuntu, Cantarell, 'Noto Sans', sans-serif, 'Helvetica Neue', Arial, 'Apple Color Emoji', 'Segoe UI Emoji', 'Segoe UI Symbol', 'Noto Color Emoji'; font-size: 16px; white-space-collapse: preserve; background-color: #ffffff;\">Je m&rsquo;appelle Fouleye Camara. Dipl\u00f4m\u00e9e du baccalaur\u00e9at scientifique sp\u00e9cialit\u00e9 math\u00e9matiques en 2018, j&rsquo;ai ensuite poursuivi avec une ann\u00e9e de licence en informatique de gestion en Mauritanie. Actuellement, je suis \u00e9tudiante de deuxi\u00e8me ann\u00e9e BTS SIO (Services Informatiques aux Organisations), sp\u00e9cialit\u00e9 SLAM (Solutions Logicielles et Applications M\u00e9tier), \u00e0 l&rsquo;\u00e9cole IRIS. Au cours de ma premi\u00e8re ann\u00e9e de BTS, j&rsquo;ai r\u00e9alis\u00e9 un stage de quatre semaines au cours duquel j&rsquo;\u00e9tais charg\u00e9e de d\u00e9velopper un site vitrine pour l&rsquo;entreprise. En deuxi\u00e8me ann\u00e9e, j&rsquo;effectue mon alternance chez SIDIC en tant que d\u00e9veloppeur web et support informatique.<\/p><p style=\"border: 0px solid #e3e3e3; --tw-border-spacing-x: 0; --tw-border-spacing-y: 0; --tw-translate-x: 0; --tw-translate-y: 0; --tw-rotate: 0; --tw-skew-x: 0; --tw-skew-y: 0; --tw-scale-x: 1; --tw-scale-y: 1; --tw-scroll-snap-strictness: proximity; --tw-ring-offset-width: 0px; --tw-ring-offset-color: #fff; --tw-ring-color: rgba(69,89,164,.5); --tw-ring-offset-shadow: 0 0 transparent; --tw-ring-shadow: 0 0 transparent; --tw-shadow: 0 0 transparent; --tw-shadow-colored: 0 0 transparent; margin: 1.25em 0px; color: #0d0d0d; font-family: S\u00f6hne, ui-sans-serif, system-ui, -apple-system, 'Segoe UI', Roboto, Ubuntu, Cantarell, 'Noto Sans', sans-serif, 'Helvetica Neue', Arial, 'Apple Color Emoji', 'Segoe UI Emoji', 'Segoe UI Symbol', 'Noto Color Emoji'; font-size: 16px; white-space-collapse: preserve; background-color: #ffffff;\">\u00a0<\/p>\t\t\t\t\t\t<\/div>\n\t\t\t\t<\/div>\n\t\t\t\t<div class=\"elementor-element elementor-element-4a8e2a4 elementor-widget elementor-widget-button\" data-id=\"4a8e2a4\" data-element_type=\"widget\" data-widget_type=\"button.default\">\n\t\t\t\t<div class=\"elementor-widget-container\">\n\t\t\t\t\t<div class=\"elementor-button-wrapper\">\n\t\t\t<a href=\"https:\/\/fouleye-camara.com\/index.php\/mes-projets\/\" class=\"elementor-button-link elementor-button elementor-size-sm\" role=\"button\">\n\t\t\t\t\t\t<span class=\"elementor-button-content-wrapper\">\n\t\t\t\t\t\t<span class=\"elementor-button-text\">Mes  r\u00e9alisations acad\u00e9mique et professionnelles<\/span>\n\t\t<\/span>\n\t\t\t\t\t<\/a>\n\t\t<\/div>\n\t\t\t\t<\/div>\n\t\t\t\t<\/div>\n\t\t\t\t<div class=\"elementor-element elementor-element-00b4e56 elementor-widget elementor-widget-button\" data-id=\"00b4e56\" data-element_type=\"widget\" data-widget_type=\"button.default\">\n\t\t\t\t<div class=\"elementor-widget-container\">\n\t\t\t\t\t<div class=\"elementor-button-wrapper\">\n\t\t\t<a href=\"https:\/\/fouleye-camara.com\/wp-content\/uploads\/2024\/03\/EntrepriseFouleye.pdf\" class=\"elementor-button-link elementor-button elementor-size-sm\" role=\"button\">\n\t\t\t\t\t\t<span class=\"elementor-button-content-wrapper\">\n\t\t\t\t\t\t<span class=\"elementor-button-text\">A propos  de Sidic <\/span>\n\t\t<\/span>\n\t\t\t\t\t<\/a>\n\t\t<\/div>\n\t\t\t\t<\/div>\n\t\t\t\t<\/div>\n\t\t\t\t\t<\/div>\n\t\t<\/div>\n\t\t\t\t<div class=\"elementor-column elementor-col-50 elementor-top-column elementor-element elementor-element-dc31b9e\" data-id=\"dc31b9e\" data-element_type=\"column\">\n\t\t\t<div class=\"elementor-widget-wrap\">\n\t\t\t\t\t\t\t\t\t<\/div>\n\t\t<\/div>\n\t\t\t\t\t\t\t<\/div>\n\t\t<\/section>\n\t\t\t\t<section class=\"elementor-section elementor-top-section elementor-element elementor-element-d38c0ac elementor-section-boxed elementor-section-height-default elementor-section-height-default\" data-id=\"d38c0ac\" data-element_type=\"section\">\n\t\t\t\t\t\t<div class=\"elementor-container elementor-column-gap-default\">\n\t\t\t\t\t<div class=\"elementor-column elementor-col-100 elementor-top-column elementor-element elementor-element-ef592aa\" data-id=\"ef592aa\" data-element_type=\"column\">\n\t\t\t<div class=\"elementor-widget-wrap elementor-element-populated\">\n\t\t\t\t\t\t\t\t<div class=\"elementor-element elementor-element-f8dae4c elementor-widget elementor-widget-heading\" data-id=\"f8dae4c\" data-element_type=\"widget\" data-widget_type=\"heading.default\">\n\t\t\t\t<div class=\"elementor-widget-container\">\n\t\t\t<h2 class=\"elementor-heading-title elementor-size-default\">Mes comp\u00e9tences<\/h2>\t\t<\/div>\n\t\t\t\t<\/div>\n\t\t\t\t\t<\/div>\n\t\t<\/div>\n\t\t\t\t\t\t\t<\/div>\n\t\t<\/section>\n\t\t\t\t<section class=\"elementor-section elementor-top-section elementor-element elementor-element-6fa0703 elementor-section-boxed elementor-section-height-default elementor-section-height-default\" data-id=\"6fa0703\" data-element_type=\"section\">\n\t\t\t\t\t\t<div class=\"elementor-container elementor-column-gap-default\">\n\t\t\t\t\t<div class=\"elementor-column elementor-col-100 elementor-top-column elementor-element elementor-element-f52eaf5\" data-id=\"f52eaf5\" data-element_type=\"column\">\n\t\t\t<div class=\"elementor-widget-wrap elementor-element-populated\">\n\t\t\t\t\t\t\t\t<div class=\"elementor-element elementor-element-fc61081 elementor-widget elementor-widget-shortcode\" data-id=\"fc61081\" data-element_type=\"widget\" data-widget_type=\"shortcode.default\">\n\t\t\t\t<div class=\"elementor-widget-container\">\n\t\t\t\t\t<div class=\"elementor-shortcode\">\t\t<style>\r\n\t\t#wpsm_progress_b_row_487{\r\n\t    \/*overflow:hidden;*\/\r\n\t    display:block;\r\n\t    width:100%;\r\n\t    border:0px solid #000;\r\n\t    margin-bottom:20px;\r\n        }\r\n\t\t\r\n\t\t<\/style>\r\n\t\t\r\n\t\t<div class=\"wpsm_progress_b_row\" id=\"wpsm_progress_b_row_487\">\r\n\t\t\t<div class=\"row\">\r\n\t\t\t<style>\r\n\r\n#wpsm_progress_b_row_487 .indCol{    \r\n    padding-right: 15px;\r\n    padding-left: 15px;\r\n}\r\n\r\n#wpsm_progress_b_row_487 .wpsm_progress{\r\n    height: 5px;\r\n    border-radius: 0;\r\n    box-shadow: none;\r\n    margin-bottom: 30px;\r\n    overflow: visible;\r\n}\r\n#wpsm_progress_b_row_487 .wpsm_progress .wpsm_progress-pro-bar {\r\n    background: #ffffff;\r\n    box-shadow: 0 1px 2px hsla(0, 0%, 0%, 0.1) inset;\r\n    height:4px;\r\n    margin-bottom: 20px;\r\n    margin-top: 25px;\r\n    position: relative;\r\n}\r\n\r\n#wpsm_progress_b_row_487 .wpsm_progress .wpsm_progress-title{\r\n    font-size: 17px;\r\n    font-weight: 300;\r\n\tfont-family: Open Sans;\r\n    color: #000000;\r\n    position: relative;\r\n    top: -28px;\r\n    z-index: 1;\r\n}\r\n#wpsm_progress_b_row_487 .wpsm_progress .wpsm_progress-value{\r\n    float: right;\r\n    \/*margin-top: -30px;*\/\r\n\tfont-size: 17px;\r\n    font-weight: 300;\r\n    color: #000000;\r\n\tfont-style: normal;\r\n}\r\n\r\n#wpsm_progress_b_row_487 .wpsm_progress .wpsm_progress-bar {\r\n    background-color: #807c84;\r\n    display: block;\r\n    width: 0;\r\n    height: 100%;\r\n    position: absolute;\r\n    top: 0;\r\n    left: 0;\r\n    transition: width 1s linear 0s;\r\n\tanimation: animate-positive 2s;\r\n}\r\n#wpsm_progress_b_row_487 .wpsm_progress .wpsm_progress-bar:before {\r\n    content: \"\";\r\n    background-color: hsl(0, 0%, 100%);\r\n    border-radius: 50%;\r\n    width: 4px;\r\n    height: 4px;\r\n    position: absolute;\r\n    right: 1px;\r\n    top: 0;\r\n    z-index: 1;\r\n}\r\n#wpsm_progress_b_row_487 .wpsm_progress .wpsm_progress-bar:after {\r\n    content: \"\";\r\n    width: 14px;\r\n    height: 14px;\r\n    background-color : #c1c1c1;\r\n    border-radius: 50%;\r\n    position: absolute;\r\n    right: -4px;\r\n    top: -5px;\r\n}\r\n\r\n\r\n@-webkit-keyframes animate-positive{\r\n    0% { width: 0%; }\r\n}\r\n@keyframes animate-positive{\r\n    0% { width: 0%; }\r\n}\r\n\r\n<\/style>\r\n\t\r\n\t\t\t\t<div class=\"col-md-12 col-sm-6 indCol\">\r\n                   \r\n                <div class=\"wpsm_progress\">\r\n                <div class=\"wpsm_progress-pro-bar\">\r\n                    <span class=\"wpsm_progress-title\">\r\n                        php                        <span class=\"wpsm_progress-value\">75%<\/span>\r\n                    <\/span>\r\n                    <span class=\"wpsm_progress-bar wow\" style=\"width:75%;\"><\/span>\r\n                <\/div>\r\n            <\/div>\r\n                   \r\n                <\/div>\r\n\r\n\t\t    \r\n\t\t\t\t<div class=\"col-md-12 col-sm-6 indCol\">\r\n                   \r\n                <div class=\"wpsm_progress\">\r\n                <div class=\"wpsm_progress-pro-bar\">\r\n                    <span class=\"wpsm_progress-title\">\r\n                        HTML\/CSS                        <span class=\"wpsm_progress-value\">90%<\/span>\r\n                    <\/span>\r\n                    <span class=\"wpsm_progress-bar wow\" style=\"width:90%;\"><\/span>\r\n                <\/div>\r\n            <\/div>\r\n                   \r\n                <\/div>\r\n\r\n\t\t    \r\n\t\t\t\t<div class=\"col-md-12 col-sm-6 indCol\">\r\n                   \r\n                <div class=\"wpsm_progress\">\r\n                <div class=\"wpsm_progress-pro-bar\">\r\n                    <span class=\"wpsm_progress-title\">\r\n                        C#                        <span class=\"wpsm_progress-value\">50%<\/span>\r\n                    <\/span>\r\n                    <span class=\"wpsm_progress-bar wow\" style=\"width:50%;\"><\/span>\r\n                <\/div>\r\n            <\/div>\r\n                   \r\n                <\/div>\r\n\r\n\t\t    \r\n\t\t\t\t<div class=\"col-md-12 col-sm-6 indCol\">\r\n                   \r\n                <div class=\"wpsm_progress\">\r\n                <div class=\"wpsm_progress-pro-bar\">\r\n                    <span class=\"wpsm_progress-title\">\r\n                        SQL                        <span class=\"wpsm_progress-value\">80%<\/span>\r\n                    <\/span>\r\n                    <span class=\"wpsm_progress-bar wow\" style=\"width:80%;\"><\/span>\r\n                <\/div>\r\n            <\/div>\r\n                   \r\n                <\/div>\r\n\r\n\t\t    \r\n\t\t\t\t<div class=\"col-md-12 col-sm-6 indCol\">\r\n                   \r\n                <div class=\"wpsm_progress\">\r\n                <div class=\"wpsm_progress-pro-bar\">\r\n                    <span class=\"wpsm_progress-title\">\r\n                        Base de donn\u00e9es: MySQL, SQL server                        <span class=\"wpsm_progress-value\">90%<\/span>\r\n                    <\/span>\r\n                    <span class=\"wpsm_progress-bar wow\" style=\"width:90%;\"><\/span>\r\n                <\/div>\r\n            <\/div>\r\n                   \r\n                <\/div>\r\n\r\n\t\t    \r\n\t\t\t\t<div class=\"col-md-12 col-sm-6 indCol\">\r\n                   \r\n                <div class=\"wpsm_progress\">\r\n                <div class=\"wpsm_progress-pro-bar\">\r\n                    <span class=\"wpsm_progress-title\">\r\n                        Java                        <span class=\"wpsm_progress-value\">70%<\/span>\r\n                    <\/span>\r\n                    <span class=\"wpsm_progress-bar wow\" style=\"width:70%;\"><\/span>\r\n                <\/div>\r\n            <\/div>\r\n                   \r\n                <\/div>\r\n\r\n\t\t    \r\n\t\t\t\t<div class=\"col-md-12 col-sm-6 indCol\">\r\n                   \r\n                <div class=\"wpsm_progress\">\r\n                <div class=\"wpsm_progress-pro-bar\">\r\n                    <span class=\"wpsm_progress-title\">\r\n                        Trigger                        <span class=\"wpsm_progress-value\">60%<\/span>\r\n                    <\/span>\r\n                    <span class=\"wpsm_progress-bar wow\" style=\"width:60%;\"><\/span>\r\n                <\/div>\r\n            <\/div>\r\n                   \r\n                <\/div>\r\n\r\n\t\t    \r\n\t\t\t\t<div class=\"col-md-12 col-sm-6 indCol\">\r\n                   \r\n                <div class=\"wpsm_progress\">\r\n                <div class=\"wpsm_progress-pro-bar\">\r\n                    <span class=\"wpsm_progress-title\">\r\n                        React native                        <span class=\"wpsm_progress-value\">50%<\/span>\r\n                    <\/span>\r\n                    <span class=\"wpsm_progress-bar wow\" style=\"width:50%;\"><\/span>\r\n                <\/div>\r\n            <\/div>\r\n                   \r\n                <\/div>\r\n\r\n\t\t        \r\n\t\t\t<\/div>\r\n\t\t<\/div>\r\n\t\t\r\n\t\t\r\n\t<\/div>\n\t\t\t\t<\/div>\n\t\t\t\t<\/div>\n\t\t\t\t\t<\/div>\n\t\t<\/div>\n\t\t\t\t\t\t\t<\/div>\n\t\t<\/section>\n\t\t\t\t\t\t\t<\/div>\n\t\t","protected":false},"excerpt":{"rendered":"<p>A propos de moi Je m&rsquo;appelle Fouleye Camara. Dipl\u00f4m\u00e9e du baccalaur\u00e9at scientifique sp\u00e9cialit\u00e9 math\u00e9matiques en 2018, j&rsquo;ai ensuite poursuivi avec une ann\u00e9e de licence en informatique de gestion en Mauritanie. Actuellement, je suis \u00e9tudiante de deuxi\u00e8me ann\u00e9e BTS SIO (Services Informatiques aux Organisations), sp\u00e9cialit\u00e9 SLAM (Solutions Logicielles et Applications M\u00e9tier), \u00e0 l&rsquo;\u00e9cole IRIS. Au cours [&hellip;]<\/p>\n","protected":false},"author":1,"featured_media":0,"parent":0,"menu_order":0,"comment_status":"closed","ping_status":"closed","template":"","meta":{"saved_in_kubio":true,"footnotes":""},"yoast_head":"<!-- This site is optimized with the Yoast SEO plugin v18.5.1 - https:\/\/yoast.com\/wordpress\/plugins\/seo\/ -->\n<title>- Portfolio<\/title>\n<meta name=\"robots\" content=\"index, follow, max-snippet:-1, max-image-preview:large, max-video-preview:-1\" \/>\n<link rel=\"canonical\" href=\"https:\/\/fouleye-camara.com\/\" \/>\n<meta property=\"og:locale\" content=\"fr_FR\" \/>\n<meta property=\"og:type\" content=\"article\" \/>\n<meta property=\"og:title\" content=\"- Portfolio\" \/>\n<meta property=\"og:description\" content=\"A propos de moi Je m&rsquo;appelle Fouleye Camara. Dipl\u00f4m\u00e9e du baccalaur\u00e9at scientifique sp\u00e9cialit\u00e9 math\u00e9matiques en 2018, j&rsquo;ai ensuite poursuivi avec une ann\u00e9e de licence en informatique de gestion en Mauritanie. Actuellement, je suis \u00e9tudiante de deuxi\u00e8me ann\u00e9e BTS SIO (Services Informatiques aux Organisations), sp\u00e9cialit\u00e9 SLAM (Solutions Logicielles et Applications M\u00e9tier), \u00e0 l&rsquo;\u00e9cole IRIS. Au cours [&hellip;]\" \/>\n<meta property=\"og:url\" content=\"https:\/\/fouleye-camara.com\/\" \/>\n<meta property=\"og:site_name\" content=\"Portfolio\" \/>\n<meta property=\"article:modified_time\" content=\"2024-04-30T13:12:49+00:00\" \/>\n<meta name=\"twitter:card\" content=\"summary_large_image\" \/>\n<meta name=\"twitter:label1\" content=\"Dur\u00e9e de lecture estim\u00e9e\" \/>\n\t<meta name=\"twitter:data1\" content=\"1 minute\" \/>\n<script type=\"application\/ld+json\" class=\"yoast-schema-graph\">{\"@context\":\"https:\/\/schema.org\",\"@graph\":[{\"@type\":\"WebSite\",\"@id\":\"https:\/\/fouleye-camara.com\/#website\",\"url\":\"https:\/\/fouleye-camara.com\/\",\"name\":\"Portfolio\",\"description\":\"\",\"potentialAction\":[{\"@type\":\"SearchAction\",\"target\":{\"@type\":\"EntryPoint\",\"urlTemplate\":\"https:\/\/fouleye-camara.com\/?s={search_term_string}\"},\"query-input\":\"required name=search_term_string\"}],\"inLanguage\":\"fr-FR\"},{\"@type\":\"WebPage\",\"@id\":\"https:\/\/fouleye-camara.com\/#webpage\",\"url\":\"https:\/\/fouleye-camara.com\/\",\"name\":\"- Portfolio\",\"isPartOf\":{\"@id\":\"https:\/\/fouleye-camara.com\/#website\"},\"datePublished\":\"2022-04-16T14:03:47+00:00\",\"dateModified\":\"2024-04-30T13:12:49+00:00\",\"breadcrumb\":{\"@id\":\"https:\/\/fouleye-camara.com\/#breadcrumb\"},\"inLanguage\":\"fr-FR\",\"potentialAction\":[{\"@type\":\"ReadAction\",\"target\":[\"https:\/\/fouleye-camara.com\/\"]}]},{\"@type\":\"BreadcrumbList\",\"@id\":\"https:\/\/fouleye-camara.com\/#breadcrumb\",\"itemListElement\":[{\"@type\":\"ListItem\",\"position\":1,\"name\":\"Home\",\"item\":\"https:\/\/fouleye-camara.com\/\"},{\"@type\":\"ListItem\",\"position\":2,\"name\":\"\"}]}]}<\/script>\n<!-- \/ Yoast SEO plugin. -->","yoast_head_json":{"title":"- Portfolio","robots":{"index":"index","follow":"follow","max-snippet":"max-snippet:-1","max-image-preview":"max-image-preview:large","max-video-preview":"max-video-preview:-1"},"canonical":"https:\/\/fouleye-camara.com\/","og_locale":"fr_FR","og_type":"article","og_title":"- Portfolio","og_description":"A propos de moi Je m&rsquo;appelle Fouleye Camara. Dipl\u00f4m\u00e9e du baccalaur\u00e9at scientifique sp\u00e9cialit\u00e9 math\u00e9matiques en 2018, j&rsquo;ai ensuite poursuivi avec une ann\u00e9e de licence en informatique de gestion en Mauritanie. Actuellement, je suis \u00e9tudiante de deuxi\u00e8me ann\u00e9e BTS SIO (Services Informatiques aux Organisations), sp\u00e9cialit\u00e9 SLAM (Solutions Logicielles et Applications M\u00e9tier), \u00e0 l&rsquo;\u00e9cole IRIS. Au cours [&hellip;]","og_url":"https:\/\/fouleye-camara.com\/","og_site_name":"Portfolio","article_modified_time":"2024-04-30T13:12:49+00:00","twitter_card":"summary_large_image","twitter_misc":{"Dur\u00e9e de lecture estim\u00e9e":"1 minute"},"schema":{"@context":"https:\/\/schema.org","@graph":[{"@type":"WebSite","@id":"https:\/\/fouleye-camara.com\/#website","url":"https:\/\/fouleye-camara.com\/","name":"Portfolio","description":"","potentialAction":[{"@type":"SearchAction","target":{"@type":"EntryPoint","urlTemplate":"https:\/\/fouleye-camara.com\/?s={search_term_string}"},"query-input":"required name=search_term_string"}],"inLanguage":"fr-FR"},{"@type":"WebPage","@id":"https:\/\/fouleye-camara.com\/#webpage","url":"https:\/\/fouleye-camara.com\/","name":"- Portfolio","isPartOf":{"@id":"https:\/\/fouleye-camara.com\/#website"},"datePublished":"2022-04-16T14:03:47+00:00","dateModified":"2024-04-30T13:12:49+00:00","breadcrumb":{"@id":"https:\/\/fouleye-camara.com\/#breadcrumb"},"inLanguage":"fr-FR","potentialAction":[{"@type":"ReadAction","target":["https:\/\/fouleye-camara.com\/"]}]},{"@type":"BreadcrumbList","@id":"https:\/\/fouleye-camara.com\/#breadcrumb","itemListElement":[{"@type":"ListItem","position":1,"name":"Home","item":"https:\/\/fouleye-camara.com\/"},{"@type":"ListItem","position":2,"name":""}]}]}},"kubio_ai_page_context":{"short_desc":"","purpose":"general"},"_links":{"self":[{"href":"https:\/\/fouleye-camara.com\/index.php\/wp-json\/wp\/v2\/pages\/43"}],"collection":[{"href":"https:\/\/fouleye-camara.com\/index.php\/wp-json\/wp\/v2\/pages"}],"about":[{"href":"https:\/\/fouleye-camara.com\/index.php\/wp-json\/wp\/v2\/types\/page"}],"author":[{"embeddable":true,"href":"https:\/\/fouleye-camara.com\/index.php\/wp-json\/wp\/v2\/users\/1"}],"replies":[{"embeddable":true,"href":"https:\/\/fouleye-camara.com\/index.php\/wp-json\/wp\/v2\/comments?post=43"}],"version-history":[{"count":135,"href":"https:\/\/fouleye-camara.com\/index.php\/wp-json\/wp\/v2\/pages\/43\/revisions"}],"predecessor-version":[{"id":1887,"href":"https:\/\/fouleye-camara.com\/index.php\/wp-json\/wp\/v2\/pages\/43\/revisions\/1887"}],"wp:attachment":[{"href":"https:\/\/fouleye-camara.com\/index.php\/wp-json\/wp\/v2\/media?parent=43"}],"curies":[{"name":"wp","href":"https:\/\/api.w.org\/{rel}","templated":true}]}}