{"id":25,"date":"2022-04-16T13:49:38","date_gmt":"2022-04-16T13:49:38","guid":{"rendered":"https:\/\/fouleye-camara.com\/?page_id=25"},"modified":"2022-05-09T08:09:36","modified_gmt":"2022-05-09T08:09:36","slug":"stage","status":"publish","type":"page","link":"https:\/\/fouleye-camara.com\/index.php\/stage\/","title":{"rendered":"stage"},"content":{"rendered":"\t\t<div data-elementor-type=\"wp-page\" data-elementor-id=\"25\" class=\"elementor elementor-25\">\n\t\t\t\t\t\t\t\t\t<section class=\"elementor-section elementor-top-section elementor-element elementor-element-d658848 elementor-section-boxed elementor-section-height-default elementor-section-height-default\" data-id=\"d658848\" data-element_type=\"section\">\n\t\t\t\t\t\t<div class=\"elementor-container elementor-column-gap-default\">\n\t\t\t\t\t<div class=\"elementor-column elementor-col-100 elementor-top-column elementor-element elementor-element-aec25f4\" data-id=\"aec25f4\" data-element_type=\"column\">\n\t\t\t<div class=\"elementor-widget-wrap elementor-element-populated\">\n\t\t\t\t\t\t\t\t<div class=\"elementor-element elementor-element-665878c elementor-widget elementor-widget-text-editor\" data-id=\"665878c\" data-element_type=\"widget\" data-widget_type=\"text-editor.default\">\n\t\t\t\t<div class=\"elementor-widget-container\">\n\t\t\t<style>\/*! elementor - v3.6.4 - 13-04-2022 *\/\n.elementor-widget-text-editor.elementor-drop-cap-view-stacked .elementor-drop-cap{background-color:#818a91;color:#fff}.elementor-widget-text-editor.elementor-drop-cap-view-framed .elementor-drop-cap{color:#818a91;border:3px solid;background-color:transparent}.elementor-widget-text-editor:not(.elementor-drop-cap-view-default) .elementor-drop-cap{margin-top:8px}.elementor-widget-text-editor:not(.elementor-drop-cap-view-default) .elementor-drop-cap-letter{width:1em;height:1em}.elementor-widget-text-editor .elementor-drop-cap{float:left;text-align:center;line-height:1;font-size:50px}.elementor-widget-text-editor .elementor-drop-cap-letter{display:inline-block}<\/style>\t\t\t\t Stage Premi\u00e8re Ann\u00e9e Chez Ring Analytic\t\t\t\t\t\t<\/div>\n\t\t\t\t<\/div>\n\t\t\t\t\t<\/div>\n\t\t<\/div>\n\t\t\t\t\t\t\t<\/div>\n\t\t<\/section>\n\t\t\t\t<section class=\"elementor-section elementor-top-section elementor-element elementor-element-374785f elementor-section-boxed elementor-section-height-default elementor-section-height-default\" data-id=\"374785f\" data-element_type=\"section\" data-settings=\"{&quot;background_background&quot;:&quot;gradient&quot;,&quot;shape_divider_bottom&quot;:&quot;mountains&quot;}\">\n\t\t\t\t\t\t\t<div class=\"elementor-background-overlay\"><\/div>\n\t\t\t\t\t\t<div class=\"elementor-shape elementor-shape-bottom\" data-negative=\"false\">\n\t\t\t<svg xmlns=\"http:\/\/www.w3.org\/2000\/svg\" viewBox=\"0 0 1000 100\" preserveAspectRatio=\"none\">\n\t<path class=\"elementor-shape-fill\" opacity=\"0.33\" d=\"M473,67.3c-203.9,88.3-263.1-34-320.3,0C66,119.1,0,59.7,0,59.7V0h1000v59.7 c0,0-62.1,26.1-94.9,29.3c-32.8,3.3-62.8-12.3-75.8-22.1C806,49.6,745.3,8.7,694.9,4.7S492.4,59,473,67.3z\"\/>\n\t<path class=\"elementor-shape-fill\" opacity=\"0.66\" d=\"M734,67.3c-45.5,0-77.2-23.2-129.1-39.1c-28.6-8.7-150.3-10.1-254,39.1 s-91.7-34.4-149.2,0C115.7,118.3,0,39.8,0,39.8V0h1000v36.5c0,0-28.2-18.5-92.1-18.5C810.2,18.1,775.7,67.3,734,67.3z\"\/>\n\t<path class=\"elementor-shape-fill\" d=\"M766.1,28.9c-200-57.5-266,65.5-395.1,19.5C242,1.8,242,5.4,184.8,20.6C128,35.8,132.3,44.9,89.9,52.5C28.6,63.7,0,0,0,0 h1000c0,0-9.9,40.9-83.6,48.1S829.6,47,766.1,28.9z\"\/>\n<\/svg>\t\t<\/div>\n\t\t\t\t\t<div class=\"elementor-container elementor-column-gap-default\">\n\t\t\t\t\t<div class=\"elementor-column elementor-col-50 elementor-top-column elementor-element elementor-element-0fc8ded\" data-id=\"0fc8ded\" data-element_type=\"column\">\n\t\t\t<div class=\"elementor-widget-wrap elementor-element-populated\">\n\t\t\t\t\t\t\t\t<div class=\"elementor-element elementor-element-1c4acea elementor-widget elementor-widget-text-editor\" data-id=\"1c4acea\" data-element_type=\"widget\" data-widget_type=\"text-editor.default\">\n\t\t\t\t<div class=\"elementor-widget-container\">\n\t\t\t\t\t\t\t<p>Stage chez Ring Analytic<\/p><p>\u00a0Du 12.05.2021 Au 18.06.2021<\/p><p>\u00a0<\/p><p>\u00a0<\/p>\t\t\t\t\t\t<\/div>\n\t\t\t\t<\/div>\n\t\t\t\t\t<\/div>\n\t\t<\/div>\n\t\t\t\t<div class=\"elementor-column elementor-col-50 elementor-top-column elementor-element elementor-element-a793e73\" data-id=\"a793e73\" data-element_type=\"column\">\n\t\t\t<div class=\"elementor-widget-wrap elementor-element-populated\">\n\t\t\t\t\t\t\t\t<div class=\"elementor-element elementor-element-7022099 elementor-widget elementor-widget-text-editor\" data-id=\"7022099\" data-element_type=\"widget\" data-widget_type=\"text-editor.default\">\n\t\t\t\t<div class=\"elementor-widget-container\">\n\t\t\t\t\t\t\t\t\t\t\t\t\t<\/div>\n\t\t\t\t<\/div>\n\t\t\t\t<div class=\"elementor-element elementor-element-17b5e89 elementor-widget elementor-widget-image\" data-id=\"17b5e89\" data-element_type=\"widget\" data-widget_type=\"image.default\">\n\t\t\t\t<div class=\"elementor-widget-container\">\n\t\t\t<style>\/*! elementor - v3.6.4 - 13-04-2022 *\/\n.elementor-widget-image{text-align:center}.elementor-widget-image a{display:inline-block}.elementor-widget-image a img[src$=\".svg\"]{width:48px}.elementor-widget-image img{vertical-align:middle;display:inline-block}<\/style>\t\t\t\t\t\t\t\t\t\t\t\t<img loading=\"lazy\" decoding=\"async\" width=\"1024\" height=\"442\" src=\"https:\/\/fouleye-camara.com\/wp-content\/uploads\/2022\/04\/Capture-decran-2022-04-25-113918-1024x442.png\" class=\"attachment-large size-large\" alt=\"\" srcset=\"https:\/\/fouleye-camara.com\/wp-content\/uploads\/2022\/04\/Capture-decran-2022-04-25-113918-1024x442.png 1024w, https:\/\/fouleye-camara.com\/wp-content\/uploads\/2022\/04\/Capture-decran-2022-04-25-113918-300x130.png 300w, https:\/\/fouleye-camara.com\/wp-content\/uploads\/2022\/04\/Capture-decran-2022-04-25-113918-768x332.png 768w, https:\/\/fouleye-camara.com\/wp-content\/uploads\/2022\/04\/Capture-decran-2022-04-25-113918.png 1232w\" sizes=\"(max-width: 1024px) 100vw, 1024px\" \/>\t\t\t\t\t\t\t\t\t\t\t\t\t\t\t<\/div>\n\t\t\t\t<\/div>\n\t\t\t\t\t<\/div>\n\t\t<\/div>\n\t\t\t\t\t\t\t<\/div>\n\t\t<\/section>\n\t\t\t\t<section class=\"elementor-section elementor-top-section elementor-element elementor-element-f51fa05 elementor-section-boxed elementor-section-height-default elementor-section-height-default\" data-id=\"f51fa05\" data-element_type=\"section\">\n\t\t\t\t\t\t<div class=\"elementor-container elementor-column-gap-default\">\n\t\t\t\t\t<div class=\"elementor-column elementor-col-100 elementor-top-column elementor-element elementor-element-a5fe4cd\" data-id=\"a5fe4cd\" data-element_type=\"column\">\n\t\t\t<div class=\"elementor-widget-wrap elementor-element-populated\">\n\t\t\t\t\t\t\t\t<div class=\"elementor-element elementor-element-8b88048 elementor-widget elementor-widget-text-editor\" data-id=\"8b88048\" data-element_type=\"widget\" data-widget_type=\"text-editor.default\">\n\t\t\t\t<div class=\"elementor-widget-container\">\n\t\t\t\t\t\t\t<p>Ring analytic est une start up sp\u00e9cialis\u00e9e dans l&rsquo;analyse des vid\u00e9os de boxes.<\/p>\n<p>Leur objectif est de developper un logiciel d\u2019analyse des vid\u00e9os de boxe bas\u00e9 sur l&rsquo;intelligence artificielle.&nbsp;<\/p>\n<p>En vu de mieux pr\u00e9par\u00e9 leurs lancements et de partager le concept du projet avec leurs communaut\u00e9s, ils ont d\u00e9cid\u00e9 de mettre en place un site landing.&nbsp;<\/p>\n<p>L&rsquo;objectif de mon stage \u00e9tais donc de mettre en place la premi\u00e8re version du site en wordpress et d&rsquo;ensuite prendre part au d\u00e9veloppement de la deuxi\u00e8me version en PHP.&nbsp;<\/p>\n<p><b>Ma mission:<\/b><\/p>\n<ul>\n<li><span style=\"font-family: var( --e-global-typography-text-font-family ), Sans-serif;\"><span style=\"color: var( --e-global-color-text );\">Mise en place de la&nbsp;<\/span><\/span>premi\u00e8re version<span style=\"font-family: var( --e-global-typography-text-font-family ), Sans-serif;\"><span style=\"color: var( --e-global-color-text );\">&nbsp;du site en WordPress.<\/span><\/span><\/li>\n<li><span style=\"font-family: var( --e-global-typography-text-font-family ), Sans-serif;\"><span style=\"color: var( --e-global-color-text );\">Configuration du DNS<\/span><\/span><\/li>\n<li><span style=\"font-family: var( --e-global-typography-text-font-family ), Sans-serif;\"><span style=\"color: var( --e-global-color-text );\">Mise en ligne du site<\/span><\/span><\/li>\n<\/ul>\n<ul>\n<li><span style=\"color: var( --e-global-color-text ); font-family: var( --e-global-typography-text-font-family ), Sans-serif;\">D\u00e9veloppement du formulaire d&rsquo;inscription en PHP<\/span>&nbsp;de la deuxi\u00e8me version du site. &nbsp;<\/li>\n<\/ul>\t\t\t\t\t\t<\/div>\n\t\t\t\t<\/div>\n\t\t\t\t<div class=\"elementor-element elementor-element-cb449ce elementor-widget elementor-widget-button\" data-id=\"cb449ce\" data-element_type=\"widget\" data-widget_type=\"button.default\">\n\t\t\t\t<div class=\"elementor-widget-container\">\n\t\t\t\t\t<div class=\"elementor-button-wrapper\">\n\t\t\t<a href=\"https:\/\/ringanalytic.com\/index.php\/fr\/ring-analytic-2\/\" class=\"elementor-button-link elementor-button elementor-size-sm\" role=\"button\">\n\t\t\t\t\t\t<span class=\"elementor-button-content-wrapper\">\n\t\t\t\t\t\t<span class=\"elementor-button-text\">D\u00e9couvrir RingAnalytic<\/span>\n\t\t<\/span>\n\t\t\t\t\t<\/a>\n\t\t<\/div>\n\t\t\t\t<\/div>\n\t\t\t\t<\/div>\n\t\t\t\t\t<\/div>\n\t\t<\/div>\n\t\t\t\t\t\t\t<\/div>\n\t\t<\/section>\n\t\t\t\t\t\t\t<\/div>\n\t\t","protected":false},"excerpt":{"rendered":"<p>Stage Premi\u00e8re Ann\u00e9e Chez Ring Analytic Stage chez Ring Analytic \u00a0Du 12.05.2021 Au 18.06.2021 \u00a0 \u00a0 Ring analytic est une start up sp\u00e9cialis\u00e9e dans l&rsquo;analyse des vid\u00e9os de boxes. Leur objectif est de developper un logiciel d\u2019analyse des vid\u00e9os de boxe bas\u00e9 sur l&rsquo;intelligence artificielle.&nbsp; En vu de mieux pr\u00e9par\u00e9 leurs lancements et de partager [&hellip;]<\/p>\n","protected":false},"author":1,"featured_media":0,"parent":0,"menu_order":0,"comment_status":"closed","ping_status":"closed","template":"","meta":{"saved_in_kubio":false,"footnotes":""},"yoast_head":"<!-- This site is optimized with the Yoast SEO plugin v18.5.1 - https:\/\/yoast.com\/wordpress\/plugins\/seo\/ -->\n<title>stage - Portfolio<\/title>\n<meta name=\"robots\" content=\"index, follow, max-snippet:-1, max-image-preview:large, max-video-preview:-1\" \/>\n<link rel=\"canonical\" href=\"https:\/\/fouleye-camara.com\/index.php\/stage\/\" \/>\n<meta property=\"og:locale\" content=\"fr_FR\" \/>\n<meta property=\"og:type\" content=\"article\" \/>\n<meta property=\"og:title\" content=\"stage - Portfolio\" \/>\n<meta property=\"og:description\" content=\"Stage Premi\u00e8re Ann\u00e9e Chez Ring Analytic Stage chez Ring Analytic \u00a0Du 12.05.2021 Au 18.06.2021 \u00a0 \u00a0 Ring analytic est une start up sp\u00e9cialis\u00e9e dans l&rsquo;analyse des vid\u00e9os de boxes. Leur objectif est de developper un logiciel d\u2019analyse des vid\u00e9os de boxe bas\u00e9 sur l&rsquo;intelligence artificielle.&nbsp; En vu de mieux pr\u00e9par\u00e9 leurs lancements et de partager [&hellip;]\" \/>\n<meta property=\"og:url\" content=\"https:\/\/fouleye-camara.com\/index.php\/stage\/\" \/>\n<meta property=\"og:site_name\" content=\"Portfolio\" \/>\n<meta property=\"article:modified_time\" content=\"2022-05-09T08:09:36+00:00\" \/>\n<meta property=\"og:image\" content=\"https:\/\/fouleye-camara.com\/wp-content\/uploads\/2022\/04\/Capture-decran-2022-04-25-113918-1024x442.png\" \/>\n<meta name=\"twitter:card\" content=\"summary_large_image\" \/>\n<meta name=\"twitter:label1\" content=\"Dur\u00e9e de lecture estim\u00e9e\" \/>\n\t<meta name=\"twitter:data1\" content=\"1 minute\" \/>\n<script type=\"application\/ld+json\" class=\"yoast-schema-graph\">{\"@context\":\"https:\/\/schema.org\",\"@graph\":[{\"@type\":\"WebSite\",\"@id\":\"https:\/\/fouleye-camara.com\/#website\",\"url\":\"https:\/\/fouleye-camara.com\/\",\"name\":\"Portfolio\",\"description\":\"\",\"potentialAction\":[{\"@type\":\"SearchAction\",\"target\":{\"@type\":\"EntryPoint\",\"urlTemplate\":\"https:\/\/fouleye-camara.com\/?s={search_term_string}\"},\"query-input\":\"required name=search_term_string\"}],\"inLanguage\":\"fr-FR\"},{\"@type\":\"ImageObject\",\"@id\":\"https:\/\/fouleye-camara.com\/index.php\/stage\/#primaryimage\",\"inLanguage\":\"fr-FR\",\"url\":\"https:\/\/fouleye-camara.com\/wp-content\/uploads\/2022\/04\/Capture-decran-2022-04-25-113918.png\",\"contentUrl\":\"https:\/\/fouleye-camara.com\/wp-content\/uploads\/2022\/04\/Capture-decran-2022-04-25-113918.png\",\"width\":1232,\"height\":532},{\"@type\":\"WebPage\",\"@id\":\"https:\/\/fouleye-camara.com\/index.php\/stage\/#webpage\",\"url\":\"https:\/\/fouleye-camara.com\/index.php\/stage\/\",\"name\":\"stage - Portfolio\",\"isPartOf\":{\"@id\":\"https:\/\/fouleye-camara.com\/#website\"},\"primaryImageOfPage\":{\"@id\":\"https:\/\/fouleye-camara.com\/index.php\/stage\/#primaryimage\"},\"datePublished\":\"2022-04-16T13:49:38+00:00\",\"dateModified\":\"2022-05-09T08:09:36+00:00\",\"breadcrumb\":{\"@id\":\"https:\/\/fouleye-camara.com\/index.php\/stage\/#breadcrumb\"},\"inLanguage\":\"fr-FR\",\"potentialAction\":[{\"@type\":\"ReadAction\",\"target\":[\"https:\/\/fouleye-camara.com\/index.php\/stage\/\"]}]},{\"@type\":\"BreadcrumbList\",\"@id\":\"https:\/\/fouleye-camara.com\/index.php\/stage\/#breadcrumb\",\"itemListElement\":[{\"@type\":\"ListItem\",\"position\":1,\"name\":\"Home\",\"item\":\"https:\/\/fouleye-camara.com\/\"},{\"@type\":\"ListItem\",\"position\":2,\"name\":\"stage\"}]}]}<\/script>\n<!-- \/ Yoast SEO plugin. -->","yoast_head_json":{"title":"stage - Portfolio","robots":{"index":"index","follow":"follow","max-snippet":"max-snippet:-1","max-image-preview":"max-image-preview:large","max-video-preview":"max-video-preview:-1"},"canonical":"https:\/\/fouleye-camara.com\/index.php\/stage\/","og_locale":"fr_FR","og_type":"article","og_title":"stage - Portfolio","og_description":"Stage Premi\u00e8re Ann\u00e9e Chez Ring Analytic Stage chez Ring Analytic \u00a0Du 12.05.2021 Au 18.06.2021 \u00a0 \u00a0 Ring analytic est une start up sp\u00e9cialis\u00e9e dans l&rsquo;analyse des vid\u00e9os de boxes. Leur objectif est de developper un logiciel d\u2019analyse des vid\u00e9os de boxe bas\u00e9 sur l&rsquo;intelligence artificielle.&nbsp; En vu de mieux pr\u00e9par\u00e9 leurs lancements et de partager [&hellip;]","og_url":"https:\/\/fouleye-camara.com\/index.php\/stage\/","og_site_name":"Portfolio","article_modified_time":"2022-05-09T08:09:36+00:00","og_image":[{"url":"https:\/\/fouleye-camara.com\/wp-content\/uploads\/2022\/04\/Capture-decran-2022-04-25-113918-1024x442.png"}],"twitter_card":"summary_large_image","twitter_misc":{"Dur\u00e9e de lecture estim\u00e9e":"1 minute"},"schema":{"@context":"https:\/\/schema.org","@graph":[{"@type":"WebSite","@id":"https:\/\/fouleye-camara.com\/#website","url":"https:\/\/fouleye-camara.com\/","name":"Portfolio","description":"","potentialAction":[{"@type":"SearchAction","target":{"@type":"EntryPoint","urlTemplate":"https:\/\/fouleye-camara.com\/?s={search_term_string}"},"query-input":"required name=search_term_string"}],"inLanguage":"fr-FR"},{"@type":"ImageObject","@id":"https:\/\/fouleye-camara.com\/index.php\/stage\/#primaryimage","inLanguage":"fr-FR","url":"https:\/\/fouleye-camara.com\/wp-content\/uploads\/2022\/04\/Capture-decran-2022-04-25-113918.png","contentUrl":"https:\/\/fouleye-camara.com\/wp-content\/uploads\/2022\/04\/Capture-decran-2022-04-25-113918.png","width":1232,"height":532},{"@type":"WebPage","@id":"https:\/\/fouleye-camara.com\/index.php\/stage\/#webpage","url":"https:\/\/fouleye-camara.com\/index.php\/stage\/","name":"stage - Portfolio","isPartOf":{"@id":"https:\/\/fouleye-camara.com\/#website"},"primaryImageOfPage":{"@id":"https:\/\/fouleye-camara.com\/index.php\/stage\/#primaryimage"},"datePublished":"2022-04-16T13:49:38+00:00","dateModified":"2022-05-09T08:09:36+00:00","breadcrumb":{"@id":"https:\/\/fouleye-camara.com\/index.php\/stage\/#breadcrumb"},"inLanguage":"fr-FR","potentialAction":[{"@type":"ReadAction","target":["https:\/\/fouleye-camara.com\/index.php\/stage\/"]}]},{"@type":"BreadcrumbList","@id":"https:\/\/fouleye-camara.com\/index.php\/stage\/#breadcrumb","itemListElement":[{"@type":"ListItem","position":1,"name":"Home","item":"https:\/\/fouleye-camara.com\/"},{"@type":"ListItem","position":2,"name":"stage"}]}]}},"kubio_ai_page_context":{"short_desc":"","purpose":"general"},"_links":{"self":[{"href":"https:\/\/fouleye-camara.com\/index.php\/wp-json\/wp\/v2\/pages\/25"}],"collection":[{"href":"https:\/\/fouleye-camara.com\/index.php\/wp-json\/wp\/v2\/pages"}],"about":[{"href":"https:\/\/fouleye-camara.com\/index.php\/wp-json\/wp\/v2\/types\/page"}],"author":[{"embeddable":true,"href":"https:\/\/fouleye-camara.com\/index.php\/wp-json\/wp\/v2\/users\/1"}],"replies":[{"embeddable":true,"href":"https:\/\/fouleye-camara.com\/index.php\/wp-json\/wp\/v2\/comments?post=25"}],"version-history":[{"count":40,"href":"https:\/\/fouleye-camara.com\/index.php\/wp-json\/wp\/v2\/pages\/25\/revisions"}],"predecessor-version":[{"id":364,"href":"https:\/\/fouleye-camara.com\/index.php\/wp-json\/wp\/v2\/pages\/25\/revisions\/364"}],"wp:attachment":[{"href":"https:\/\/fouleye-camara.com\/index.php\/wp-json\/wp\/v2\/media?parent=25"}],"curies":[{"name":"wp","href":"https:\/\/api.w.org\/{rel}","templated":true}]}}